{"id":37,"date":"2025-11-02T20:17:48","date_gmt":"2025-11-02T20:17:48","guid":{"rendered":"http:\/\/legendsgym.local\/?page_id=37"},"modified":"2026-03-23T08:51:49","modified_gmt":"2026-03-23T08:51:49","slug":"impressum","status":"publish","type":"page","link":"https:\/\/legendsgym.de\/en\/impressum\/","title":{"rendered":"Legal Notice"},"content":{"rendered":"<div data-elementor-type=\"wp-page\" data-elementor-id=\"37\" class=\"elementor elementor-37\">\n\t\t\t\t<div class=\"elementor-element elementor-element-3b7c732 e-flex e-con-boxed e-con e-parent\" data-id=\"3b7c732\" data-element_type=\"container\" data-e-type=\"container\">\n\t\t\t\t\t<div class=\"e-con-inner\">\n\t\t\t\t<div class=\"elementor-element elementor-element-9d2d872 elementor-widget elementor-widget-heading\" data-id=\"9d2d872\" data-element_type=\"widget\" data-e-type=\"widget\" data-widget_type=\"heading.default\">\n\t\t\t\t\t<h2 class=\"elementor-heading-title elementor-size-default\">Legal Notice<\/h2>\t\t\t\t<\/div>\n\t\t\t\t<div class=\"elementor-element elementor-element-a5d3bf3 elementor-widget elementor-widget-text-editor\" data-id=\"a5d3bf3\" data-element_type=\"widget\" data-e-type=\"widget\" data-widget_type=\"text-editor.default\">\n\t\t\t\t\t\t\t\t\t<p class=\"p1\">\u00a0<\/p><p class=\"p2\">Angaben gem\u00e4\u00df \u00a7 5 TMG<\/p><p class=\"p1\"><b>Selim Avci<\/b><b><\/b><\/p><p class=\"p2\">Inhaber \u2013 Legends Gym<\/p><p class=\"p2\">Friedrich-Ebert-Stra\u00dfe 5<\/p><p class=\"p2\">67304 Eisenberg<\/p><p class=\"p2\">Deutschland<\/p><p>Steuernummer: 19\/004\/34818<\/p><p class=\"p1\"><b>Kontakt:<\/b><b><\/b><\/p><p class=\"p2\">Telefon: 0176 7215 3434<\/p><p class=\"p2\">E-Mail: <a href=\"mailto:Info@legendsgym.de\"><span class=\"elementor-icon-list-text\">Info@legendsgym.de<\/span><\/a><\/p><p class=\"p1\"><b>Verantwortlich f\u00fcr Inhalte dieser Website gem\u00e4\u00df \u00a7 55 Abs. 2 RStV:<\/b><b><\/b><\/p><p class=\"p2\">Selim Avci<\/p><p class=\"p2\">Friedrich-Ebert-Stra\u00dfe 5<\/p><p class=\"p2\">67304 Eisenberg<\/p>\t\t\t\t\t\t\t\t<\/div>\n\t\t\t\t\t<\/div>\n\t\t\t\t<\/div>\n\t\t\t\t<\/div>","protected":false},"excerpt":{"rendered":"<p>Impressum \u00a0 Angaben gem\u00e4\u00df \u00a7 5 TMG Selim Avci Inhaber \u2013 Legends Gym Friedrich-Ebert-Stra\u00dfe 5 67304 Eisenberg Deutschland Steuernummer: 19\/004\/34818 Kontakt: Telefon: 0176 7215 3434 E-Mail: Info@legendsgym.de Verantwortlich f\u00fcr Inhalte dieser Website gem\u00e4\u00df \u00a7 55 Abs. 2 RStV: Selim Avci Friedrich-Ebert-Stra\u00dfe 5 67304 Eisenberg<\/p>","protected":false},"author":1,"featured_media":0,"parent":0,"menu_order":0,"comment_status":"closed","ping_status":"closed","template":"","meta":{"footnotes":""},"class_list":["post-37","page","type-page","status-publish","hentry"],"_links":{"self":[{"href":"https:\/\/legendsgym.de\/en\/wp-json\/wp\/v2\/pages\/37","targetHints":{"allow":["GET"]}}],"collection":[{"href":"https:\/\/legendsgym.de\/en\/wp-json\/wp\/v2\/pages"}],"about":[{"href":"https:\/\/legendsgym.de\/en\/wp-json\/wp\/v2\/types\/page"}],"author":[{"embeddable":true,"href":"https:\/\/legendsgym.de\/en\/wp-json\/wp\/v2\/users\/1"}],"replies":[{"embeddable":true,"href":"https:\/\/legendsgym.de\/en\/wp-json\/wp\/v2\/comments?post=37"}],"version-history":[{"count":0,"href":"https:\/\/legendsgym.de\/en\/wp-json\/wp\/v2\/pages\/37\/revisions"}],"wp:attachment":[{"href":"https:\/\/legendsgym.de\/en\/wp-json\/wp\/v2\/media?parent=37"}],"curies":[{"name":"wp","href":"https:\/\/api.w.org\/{rel}","templated":true}]}}